{"id":79,"date":"2014-05-05T15:44:28","date_gmt":"2014-05-05T15:44:28","guid":{"rendered":"http:\/\/ricardomoinhos.com\/?page_id=79"},"modified":"2016-10-04T19:10:33","modified_gmt":"2016-10-04T19:10:33","slug":"bombark","status":"publish","type":"page","link":"https:\/\/ricardomoinhos.com\/pt\/ios\/bombark\/","title":{"rendered":"Bombark"},"content":{"rendered":"<div id=\"pl-79\"  class=\"panel-layout\" ><div id=\"pg-79-0\"  class=\"panel-grid panel-has-style\" ><div class=\"wide-grey panel-row-style panel-row-style-for-79-0\" ><div id=\"pgc-79-0-0\"  class=\"panel-grid-cell\" ><div id=\"panel-79-0-0-0\" class=\"so-panel widget widget_black-studio-tinymce widget_black_studio_tinymce panel-first-child panel-last-child\" data-index=\"0\" ><div class=\"textwidget\"><h1 style=\"text-align: center;\">BOMBARK<\/h1>\n<p style=\"text-align: center;\">Agora podes partilhar as tuas ideias sobre como personalizar um\u00a0bombo de bateria.<\/p>\n<p style=\"text-align: center;\">Faz j\u00e1 o download desta fant\u00e1stica aplica\u00e7\u00e3o.<\/p>\n<p style=\"text-align: center;\"><a href=\"http:\/\/appstore.com\/bombark\"><img loading=\"lazy\" decoding=\"async\" class=\"alignnone size-full wp-image-58\" src=\"http:\/\/ricardomoinhos.com\/wp-content\/uploads\/2014\/05\/Download_on_the_App_Store_Badge_US-UK_135x40.png\" alt=\"Download_on_the_App_Store\" width=\"135\" height=\"40\" \/><\/a><\/p>\n<\/div><\/div><\/div><\/div><\/div><div id=\"pg-79-1\"  class=\"panel-grid panel-no-style\" ><div id=\"pgc-79-1-0\"  class=\"panel-grid-cell\" ><div id=\"panel-79-1-0-0\" class=\"so-panel widget widget_headline-widget panel-first-child\" data-index=\"1\" >\t\t<h1>Screenshots<\/h1>\n\t\t<div class=\"decoration\"><div class=\"decoration-inside\"><\/div><\/div>\n\t\t<h3><\/h3>\n\t\t<\/div><div id=\"panel-79-1-0-1\" class=\"so-panel widget widget_sow-editor panel-last-child\" data-index=\"2\" ><div\n\t\t\t\n\t\t\tclass=\"so-widget-sow-editor so-widget-sow-editor-base\"\n\t\t\t\n\t\t>\n<div class=\"siteorigin-widget-tinymce textwidget\">\n\t\n\t\t<style type=\"text\/css\">\n\t\t\t#gallery-1 {\n\t\t\t\tmargin: auto;\n\t\t\t}\n\t\t\t#gallery-1 .gallery-item {\n\t\t\t\tfloat: left;\n\t\t\t\tmargin-top: 10px;\n\t\t\t\ttext-align: center;\n\t\t\t\twidth: 33%;\n\t\t\t}\n\t\t\t#gallery-1 img {\n\t\t\t\tborder: 2px solid #cfcfcf;\n\t\t\t}\n\t\t\t#gallery-1 .gallery-caption {\n\t\t\t\tmargin-left: 0;\n\t\t\t}\n\t\t\t\/* see gallery_shortcode() in wp-includes\/media.php *\/\n\t\t<\/style>\n\t\t<div id='gallery-1' class='gallery galleryid-79 gallery-columns-3 gallery-size-thumbnail'><dl class='gallery-item'>\n\t\t\t<dt class='gallery-icon portrait'>\n\t\t\t\t<a href='https:\/\/ricardomoinhos.com\/pt\/ios\/bombark\/bombark_screenshot_1\/#main'><img loading=\"lazy\" decoding=\"async\" width=\"150\" height=\"150\" src=\"https:\/\/ricardomoinhos.com\/wp-content\/uploads\/2014\/05\/Bombark_Screenshot_1-150x150.jpeg\" class=\"attachment-thumbnail size-thumbnail\" alt=\"\" \/><\/a>\n\t\t\t<\/dt><\/dl><dl class='gallery-item'>\n\t\t\t<dt class='gallery-icon portrait'>\n\t\t\t\t<a href='https:\/\/ricardomoinhos.com\/pt\/ios\/bombark\/bombark_screenshot_2\/#main'><img loading=\"lazy\" decoding=\"async\" width=\"150\" height=\"150\" src=\"https:\/\/ricardomoinhos.com\/wp-content\/uploads\/2014\/05\/Bombark_Screenshot_2-150x150.jpeg\" class=\"attachment-thumbnail size-thumbnail\" alt=\"\" \/><\/a>\n\t\t\t<\/dt><\/dl><dl class='gallery-item'>\n\t\t\t<dt class='gallery-icon portrait'>\n\t\t\t\t<a href='https:\/\/ricardomoinhos.com\/pt\/ios\/bombark\/bombark_screenshot_3\/#main'><img loading=\"lazy\" decoding=\"async\" width=\"150\" height=\"150\" src=\"https:\/\/ricardomoinhos.com\/wp-content\/uploads\/2014\/05\/Bombark_Screenshot_3-150x150.jpeg\" class=\"attachment-thumbnail size-thumbnail\" alt=\"\" \/><\/a>\n\t\t\t<\/dt><\/dl><br style=\"clear: both\" \/>\n\t\t<\/div>\n\n<\/div>\n<\/div><\/div><\/div><\/div><\/div>","protected":false},"excerpt":{"rendered":"<p>BOMBARKAgora podes partilhar as tuas ideias sobre como personalizar um\u00a0bombo de bateria.Faz j\u00e1 o download desta fant\u00e1stica aplica\u00e7\u00e3o.<\/p>\n","protected":false},"author":1,"featured_media":0,"parent":11,"menu_order":0,"comment_status":"closed","ping_status":"closed","template":"templates\/template-full-notitle.php","meta":{"footnotes":"","_links_to":"","_links_to_target":""},"class_list":["post-79","page","type-page","status-publish","hentry","post"],"yoast_head":"<!-- This site is optimized with the Yoast SEO plugin v27.4 - https:\/\/yoast.com\/product\/yoast-seo-wordpress\/ -->\n<title>Bombark - Ricardo Paiva Moinhos<\/title>\n<meta name=\"robots\" content=\"index, follow, max-snippet:-1, max-image-preview:large, max-video-preview:-1\" \/>\n<link rel=\"canonical\" href=\"https:\/\/ricardomoinhos.com\/pt\/ios\/bombark\/\" \/>\n<meta property=\"og:locale\" content=\"pt_PT\" \/>\n<meta property=\"og:type\" content=\"article\" \/>\n<meta property=\"og:title\" content=\"Bombark - Ricardo Paiva Moinhos\" \/>\n<meta property=\"og:description\" content=\"BOMBARKAgora podes partilhar as tuas ideias sobre como personalizar um\u00a0bombo de bateria.Faz j\u00e1 o download desta fant\u00e1stica aplica\u00e7\u00e3o.\" \/>\n<meta property=\"og:url\" content=\"https:\/\/ricardomoinhos.com\/pt\/ios\/bombark\/\" \/>\n<meta property=\"og:site_name\" content=\"Ricardo Paiva Moinhos\" \/>\n<meta property=\"article:modified_time\" content=\"2016-10-04T19:10:33+00:00\" \/>\n<meta property=\"og:image\" content=\"http:\/\/ricardomoinhos.com\/wp-content\/uploads\/2014\/05\/Download_on_the_App_Store_Badge_US-UK_135x40.png\" \/>\n<meta name=\"twitter:card\" content=\"summary_large_image\" \/>\n<script type=\"application\/ld+json\" class=\"yoast-schema-graph\">{\"@context\":\"https:\\\/\\\/schema.org\",\"@graph\":[{\"@type\":\"WebPage\",\"@id\":\"https:\\\/\\\/ricardomoinhos.com\\\/pt\\\/ios\\\/bombark\\\/\",\"url\":\"https:\\\/\\\/ricardomoinhos.com\\\/pt\\\/ios\\\/bombark\\\/\",\"name\":\"Bombark - Ricardo Paiva Moinhos\",\"isPartOf\":{\"@id\":\"https:\\\/\\\/ricardomoinhos.com\\\/#website\"},\"primaryImageOfPage\":{\"@id\":\"https:\\\/\\\/ricardomoinhos.com\\\/pt\\\/ios\\\/bombark\\\/#primaryimage\"},\"image\":{\"@id\":\"https:\\\/\\\/ricardomoinhos.com\\\/pt\\\/ios\\\/bombark\\\/#primaryimage\"},\"thumbnailUrl\":\"http:\\\/\\\/ricardomoinhos.com\\\/wp-content\\\/uploads\\\/2014\\\/05\\\/Download_on_the_App_Store_Badge_US-UK_135x40.png\",\"datePublished\":\"2014-05-05T15:44:28+00:00\",\"dateModified\":\"2016-10-04T19:10:33+00:00\",\"breadcrumb\":{\"@id\":\"https:\\\/\\\/ricardomoinhos.com\\\/pt\\\/ios\\\/bombark\\\/#breadcrumb\"},\"inLanguage\":\"pt-PT\",\"potentialAction\":[{\"@type\":\"ReadAction\",\"target\":[\"https:\\\/\\\/ricardomoinhos.com\\\/pt\\\/ios\\\/bombark\\\/\"]}]},{\"@type\":\"ImageObject\",\"inLanguage\":\"pt-PT\",\"@id\":\"https:\\\/\\\/ricardomoinhos.com\\\/pt\\\/ios\\\/bombark\\\/#primaryimage\",\"url\":\"http:\\\/\\\/ricardomoinhos.com\\\/wp-content\\\/uploads\\\/2014\\\/05\\\/Download_on_the_App_Store_Badge_US-UK_135x40.png\",\"contentUrl\":\"http:\\\/\\\/ricardomoinhos.com\\\/wp-content\\\/uploads\\\/2014\\\/05\\\/Download_on_the_App_Store_Badge_US-UK_135x40.png\"},{\"@type\":\"BreadcrumbList\",\"@id\":\"https:\\\/\\\/ricardomoinhos.com\\\/pt\\\/ios\\\/bombark\\\/#breadcrumb\",\"itemListElement\":[{\"@type\":\"ListItem\",\"position\":1,\"name\":\"Home\",\"item\":\"https:\\\/\\\/ricardomoinhos.com\\\/\"},{\"@type\":\"ListItem\",\"position\":2,\"name\":\"iOS\",\"item\":\"https:\\\/\\\/ricardomoinhos.com\\\/pt\\\/ios\\\/\"},{\"@type\":\"ListItem\",\"position\":3,\"name\":\"Bombark\"}]},{\"@type\":\"WebSite\",\"@id\":\"https:\\\/\\\/ricardomoinhos.com\\\/#website\",\"url\":\"https:\\\/\\\/ricardomoinhos.com\\\/\",\"name\":\"Ricardo Paiva Moinhos\",\"description\":\"Welcome\",\"potentialAction\":[{\"@type\":\"SearchAction\",\"target\":{\"@type\":\"EntryPoint\",\"urlTemplate\":\"https:\\\/\\\/ricardomoinhos.com\\\/?s={search_term_string}\"},\"query-input\":{\"@type\":\"PropertyValueSpecification\",\"valueRequired\":true,\"valueName\":\"search_term_string\"}}],\"inLanguage\":\"pt-PT\"}]}<\/script>\n<!-- \/ Yoast SEO plugin. -->","yoast_head_json":{"title":"Bombark - Ricardo Paiva Moinhos","robots":{"index":"index","follow":"follow","max-snippet":"max-snippet:-1","max-image-preview":"max-image-preview:large","max-video-preview":"max-video-preview:-1"},"canonical":"https:\/\/ricardomoinhos.com\/pt\/ios\/bombark\/","og_locale":"pt_PT","og_type":"article","og_title":"Bombark - Ricardo Paiva Moinhos","og_description":"BOMBARKAgora podes partilhar as tuas ideias sobre como personalizar um\u00a0bombo de bateria.Faz j\u00e1 o download desta fant\u00e1stica aplica\u00e7\u00e3o.","og_url":"https:\/\/ricardomoinhos.com\/pt\/ios\/bombark\/","og_site_name":"Ricardo Paiva Moinhos","article_modified_time":"2016-10-04T19:10:33+00:00","og_image":[{"url":"http:\/\/ricardomoinhos.com\/wp-content\/uploads\/2014\/05\/Download_on_the_App_Store_Badge_US-UK_135x40.png","type":"","width":"","height":""}],"twitter_card":"summary_large_image","schema":{"@context":"https:\/\/schema.org","@graph":[{"@type":"WebPage","@id":"https:\/\/ricardomoinhos.com\/pt\/ios\/bombark\/","url":"https:\/\/ricardomoinhos.com\/pt\/ios\/bombark\/","name":"Bombark - Ricardo Paiva Moinhos","isPartOf":{"@id":"https:\/\/ricardomoinhos.com\/#website"},"primaryImageOfPage":{"@id":"https:\/\/ricardomoinhos.com\/pt\/ios\/bombark\/#primaryimage"},"image":{"@id":"https:\/\/ricardomoinhos.com\/pt\/ios\/bombark\/#primaryimage"},"thumbnailUrl":"http:\/\/ricardomoinhos.com\/wp-content\/uploads\/2014\/05\/Download_on_the_App_Store_Badge_US-UK_135x40.png","datePublished":"2014-05-05T15:44:28+00:00","dateModified":"2016-10-04T19:10:33+00:00","breadcrumb":{"@id":"https:\/\/ricardomoinhos.com\/pt\/ios\/bombark\/#breadcrumb"},"inLanguage":"pt-PT","potentialAction":[{"@type":"ReadAction","target":["https:\/\/ricardomoinhos.com\/pt\/ios\/bombark\/"]}]},{"@type":"ImageObject","inLanguage":"pt-PT","@id":"https:\/\/ricardomoinhos.com\/pt\/ios\/bombark\/#primaryimage","url":"http:\/\/ricardomoinhos.com\/wp-content\/uploads\/2014\/05\/Download_on_the_App_Store_Badge_US-UK_135x40.png","contentUrl":"http:\/\/ricardomoinhos.com\/wp-content\/uploads\/2014\/05\/Download_on_the_App_Store_Badge_US-UK_135x40.png"},{"@type":"BreadcrumbList","@id":"https:\/\/ricardomoinhos.com\/pt\/ios\/bombark\/#breadcrumb","itemListElement":[{"@type":"ListItem","position":1,"name":"Home","item":"https:\/\/ricardomoinhos.com\/"},{"@type":"ListItem","position":2,"name":"iOS","item":"https:\/\/ricardomoinhos.com\/pt\/ios\/"},{"@type":"ListItem","position":3,"name":"Bombark"}]},{"@type":"WebSite","@id":"https:\/\/ricardomoinhos.com\/#website","url":"https:\/\/ricardomoinhos.com\/","name":"Ricardo Paiva Moinhos","description":"Welcome","potentialAction":[{"@type":"SearchAction","target":{"@type":"EntryPoint","urlTemplate":"https:\/\/ricardomoinhos.com\/?s={search_term_string}"},"query-input":{"@type":"PropertyValueSpecification","valueRequired":true,"valueName":"search_term_string"}}],"inLanguage":"pt-PT"}]}},"jetpack_likes_enabled":true,"jetpack_sharing_enabled":true,"_links":{"self":[{"href":"https:\/\/ricardomoinhos.com\/pt\/wp-json\/wp\/v2\/pages\/79","targetHints":{"allow":["GET"]}}],"collection":[{"href":"https:\/\/ricardomoinhos.com\/pt\/wp-json\/wp\/v2\/pages"}],"about":[{"href":"https:\/\/ricardomoinhos.com\/pt\/wp-json\/wp\/v2\/types\/page"}],"author":[{"embeddable":true,"href":"https:\/\/ricardomoinhos.com\/pt\/wp-json\/wp\/v2\/users\/1"}],"replies":[{"embeddable":true,"href":"https:\/\/ricardomoinhos.com\/pt\/wp-json\/wp\/v2\/comments?post=79"}],"version-history":[{"count":5,"href":"https:\/\/ricardomoinhos.com\/pt\/wp-json\/wp\/v2\/pages\/79\/revisions"}],"predecessor-version":[{"id":363,"href":"https:\/\/ricardomoinhos.com\/pt\/wp-json\/wp\/v2\/pages\/79\/revisions\/363"}],"up":[{"embeddable":true,"href":"https:\/\/ricardomoinhos.com\/pt\/wp-json\/wp\/v2\/pages\/11"}],"wp:attachment":[{"href":"https:\/\/ricardomoinhos.com\/pt\/wp-json\/wp\/v2\/media?parent=79"}],"curies":[{"name":"wp","href":"https:\/\/api.w.org\/{rel}","templated":true}]}}