{"id":519,"date":"2019-05-18T18:49:05","date_gmt":"2019-05-18T18:49:05","guid":{"rendered":"https:\/\/ricardomoinhos.com\/?page_id=519"},"modified":"2019-05-18T19:53:06","modified_gmt":"2019-05-18T19:53:06","slug":"ismsfixe-privacy-policy","status":"publish","type":"page","link":"https:\/\/ricardomoinhos.com\/pt\/ismsfixe-privacy-policy\/","title":{"rendered":"(English) iSMSFixe &#8211; Privacy Policy"},"content":{"rendered":"<p><\/p>\n<p><\/p>\n<h1>Pol\u00edtica de Privacidade<\/h1>\n<p>\u00daltima atualiza\u00e7\u00e3o: 28 nov 2015<\/p>\n<p>Ricardo Paiva (&#8220;n\u00f3s&#8221; ou &#8220;nosso&#8221;) opera a aplica\u00e7\u00e3o m\u00f3vel iSMSFixe (o &#8220;Servi\u00e7o&#8221;).<\/p>\n<p>Esta p\u00e1gina informa-o acerca das nossas pol\u00edticas de recolha, uso e divulga\u00e7\u00e3o de informa\u00e7\u00f5es pessoais quando voc\u00ea usa o nosso Servi\u00e7o.<\/p>\n<p>N\u00e3o vamos usar ou partilhar as suas informa\u00e7\u00f5es com ningu\u00e9m, exceto conforme descrito nesta Pol\u00edtica de Privacidade.<\/p>\n<p><strong>N\u00f3s usamos as suas informa\u00e7\u00f5es pessoais para fornecer e melhorar o servi\u00e7o. Ao utilizar o Servi\u00e7o, voc\u00ea concorda com a recolha e uso de informa\u00e7\u00f5es de acordo com esta pol\u00edtica. A menos que de outra forma definida nesta Pol\u00edtica de Privacidade, termos usados \u200b\u200bnesta Pol\u00edtica de Privacidade t\u00eam os mesmos significados que nos nossos Termos e Condi\u00e7\u00f5es.<\/strong><\/p>\n<p><strong>Recolha de informa\u00e7\u00f5es e Uso<\/strong><\/p>\n<p>Enquanto estiver a usar o nosso servi\u00e7o, podemos pedir-lhe para nos fornecer algumas informa\u00e7\u00f5es pessoais que podem ser usados \u200b\u200bpara entrar em contato ou identific\u00e1-lo. As informa\u00e7\u00f5es pessoais identific\u00e1veis \u200b\u200bpodem incluir, mas n\u00e3o est\u00e1 limitado, ao seu endere\u00e7o de e-mail (&#8220;Informa\u00e7\u00f5es Pessoais&#8221;).<\/p>\n<p><strong>Dados Log<\/strong><\/p>\n<p>Quando voc\u00ea aceder ao Servi\u00e7o por ou atrav\u00e9s de um dispositivo m\u00f3vel, podemos recolher determinadas informa\u00e7\u00f5es automaticamente, inclu\u00edndo, mas n\u00e3o limitado, ao tipo de dispositivo m\u00f3vel que voc\u00ea usa, o dispositivo m\u00f3vel ID \u00fanico, o endere\u00e7o IP do seu dispositivo m\u00f3vel, o sistema operativo do seu telem\u00f3vel, o tipo de navegador de Internet m\u00f3vel que voc\u00ea usa e outras estat\u00edsticas (&#8220;Log de dados&#8221;).<\/p>\n<p>Al\u00e9m disso, podemos usar servi\u00e7os de terceiros, tais como o Google Analytics que recolhem, monitoram e analisam este tipo de informa\u00e7\u00e3o, a fim de aumentar a funcionalidade do nosso servi\u00e7o. Estes terceiros prestadores de servi\u00e7os t\u00eam suas pr\u00f3prias pol\u00edticas de privacidade indicando como eles usam essas informa\u00e7\u00f5es.<\/p>\n<p><strong>Prestadores de servi\u00e7o<\/strong><\/p>\n<p>Podemos contratar empresas de terceiros e indiv\u00edduos para facilitar o nosso servi\u00e7o, para fornecer o servi\u00e7o em nosso nome, para executar os servi\u00e7os relacionados ao Servi\u00e7o ou para nos ajudar a analisar como o nosso servi\u00e7o \u00e9 utilizado.<\/p>\n<p>Estes terceiros t\u00eam acesso \u00e0s suas informa\u00e7\u00f5es pessoais apenas para executar essas tarefas em nosso nome e s\u00e3o obrigados a n\u00e3o divulgar ou us\u00e1-lo para qualquer outra finalidade.<\/p>\n<p><strong>Comunica\u00e7\u00f5es<\/strong><\/p>\n<p>N\u00f3s podemos usar suas informa\u00e7\u00f5es pessoais para contact\u00e1-lo com folhetos informativos, marketing ou materiais promocionais e outras informa\u00e7\u00f5es que podem ser do seu interesse. Voc\u00ea pode optar por n\u00e3o receber qualquer, ou todas, as nossas comunica\u00e7\u00f5es, seguindo o link ou instru\u00e7\u00f5es fornecidas em qualquer e-mail que enviamos ou entrando em contacto connosco.<\/p>\n<p><strong>Seguran\u00e7a<\/strong><\/p>\n<p>A seguran\u00e7a da sua informa\u00e7\u00e3o pessoal \u00e9 importante para n\u00f3s, mas lembre-se que nenhum m\u00e9todo de transmiss\u00e3o pela Internet, ou m\u00e9todo de armazenamento eletr\u00f4nico \u00e9 100% seguro. Enquanto n\u00f3s nos esfor\u00e7amos para usar meios comercialmente aceit\u00e1veis \u200b\u200bpara proteger suas informa\u00e7\u00f5es pessoais, n\u00e3o podemos garantir seguran\u00e7a absoluta.<\/p>\n<p><strong>Transfer\u00eancia Internacional<\/strong><\/p>\n<p>Suas informa\u00e7\u00f5es, incluindo informa\u00e7\u00f5es pessoais, podem ser transferidos para &#8211; e mantidos sob &#8211; computadores situados fora do seu estado, prov\u00edncia, pa\u00eds ou outra jurisdi\u00e7\u00e3o governamental, onde as leis de prote\u00e7\u00e3o de dados podem ser diferentes do que as de sua jurisdi\u00e7\u00e3o.<\/p>\n<p>Se voc\u00ea estiver localizado fora de Portugal e optar por fornecer informa\u00e7\u00f5es para n\u00f3s, por favor, note que n\u00f3s transferimos as informa\u00e7\u00f5es, incluindo informa\u00e7\u00f5es pessoais, para Portugal e processamo-las l\u00e1.<\/p>\n<p>O seu consentimento para esta Pol\u00edtica de Privacidade seguido da sua apresenta\u00e7\u00e3o de tal informa\u00e7\u00e3o representa o sua concord\u00e2ncia com essa transfer\u00eancia.<\/p>\n<p><strong>Links para outros sites<\/strong><\/p>\n<p>Nosso Servi\u00e7o pode conter links para outros sites que n\u00e3o s\u00e3o operados por n\u00f3s. Se voc\u00ea clicar num link de terceiros, voc\u00ea ser\u00e1 direcionado para o site de terceiros. Aconselhamos vivamente a rever a pol\u00edtica de privacidade de cada site que voc\u00ea visita.<\/p>\n<p>N\u00f3s n\u00e3o temos nenhum controle sobre, e n\u00e3o assumimos nenhuma responsabilidade pelo conte\u00fado, pol\u00edticas de privacidade ou pr\u00e1ticas de qualquer terceiros sites ou servi\u00e7os de terceiros.<\/p>\n<p><strong>Privacidade das Crian\u00e7as<\/strong><\/p>\n<p>O nosso Servi\u00e7o n\u00e3o se destina ao uso direto por pessoas com menos de 13 anos (&#8220;Crian\u00e7as&#8221;).<\/p>\n<p>N\u00f3s n\u00e3o recolhemos informa\u00e7\u00f5es pessoalmente identific\u00e1veis\u200bde crian\u00e7as menores de 13. Se voc\u00ea \u00e9 um pai ou tutor e voc\u00ea est\u00e1 ciente de que os seus filhos nos forneceram informa\u00e7\u00f5es pessoais, entre em contato connosco. Se tomarmos conhecimento que recolhemos informa\u00e7\u00f5es pessoais de uma crian\u00e7a com menos de 13 anos sem consentimento dos pais, tomamos medidas para remover essas informa\u00e7\u00f5es dos nossos servidores.<\/p>\n<p><strong>Altera\u00e7\u00f5es a esta Pol\u00edtica de Privacidade<\/strong><\/p>\n<p>Podemos atualizar a nossa Pol\u00edtica de Privacidade de tempos em tempos. Vamos notific\u00e1-lo de quaisquer altera\u00e7\u00f5es publicando a nova Pol\u00edtica de Privacidade nesta p\u00e1gina.<\/p>\n<p>Voc\u00ea s\u00e3o aconselhados a consultar esta Pol\u00edtica de Privacidade periodicamente. Altera\u00e7\u00f5es a esta Pol\u00edtica de Privacidade s\u00e3o v\u00e1lidas quando s\u00e3o publicadas nesta p\u00e1gina.<\/p>\n<p><strong>Contate-nos<\/strong><\/p>\n<p>Se voc\u00ea tem alguma d\u00favida sobre esta Pol\u00edtica de Privacidade, entre em contato connosco.<\/p>\n<p><\/p>","protected":false},"excerpt":{"rendered":"<p>Pol\u00edtica de Privacidade \u00daltima atualiza\u00e7\u00e3o: 28 nov 2015 Ricardo Paiva (&#8220;n\u00f3s&#8221; ou &#8220;nosso&#8221;) opera a aplica\u00e7\u00e3o m\u00f3vel iSMSFixe (o &#8220;Servi\u00e7o&#8221;). Esta p\u00e1gina informa-o acerca das nossas pol\u00edticas de recolha, uso e divulga\u00e7\u00e3o de informa\u00e7\u00f5es pessoais quando voc\u00ea usa o nosso Servi\u00e7o. N\u00e3o vamos usar ou partilhar as suas informa\u00e7\u00f5es com ningu\u00e9m, exceto conforme descrito nesta [&hellip;]<\/p>\n","protected":false},"author":1,"featured_media":0,"parent":0,"menu_order":0,"comment_status":"closed","ping_status":"closed","template":"templates\/template-full.php","meta":{"footnotes":"","_links_to":"","_links_to_target":""},"class_list":["post-519","page","type-page","status-publish","hentry","post"],"yoast_head":"<!-- This site is optimized with the Yoast SEO plugin v27.5 - https:\/\/yoast.com\/product\/yoast-seo-wordpress\/ -->\n<title><\/title>\n<meta name=\"robots\" content=\"index, follow, max-snippet:-1, max-image-preview:large, max-video-preview:-1\" \/>\n<link rel=\"canonical\" href=\"https:\/\/ricardomoinhos.com\/ismsfixe-privacy-policy\/\" \/>\n<meta property=\"og:locale\" content=\"pt_PT\" \/>\n<meta property=\"og:type\" content=\"article\" \/>\n<meta property=\"og:title\" content=\"[:en]iSMSFixe - Privacy Policy[:] - Ricardo Paiva Moinhos\" \/>\n<meta property=\"og:description\" content=\"Pol\u00edtica de Privacidade \u00daltima atualiza\u00e7\u00e3o: 28 nov 2015 Ricardo Paiva (&#8220;n\u00f3s&#8221; ou &#8220;nosso&#8221;) opera a aplica\u00e7\u00e3o m\u00f3vel iSMSFixe (o &#8220;Servi\u00e7o&#8221;). Esta p\u00e1gina informa-o acerca das nossas pol\u00edticas de recolha, uso e divulga\u00e7\u00e3o de informa\u00e7\u00f5es pessoais quando voc\u00ea usa o nosso Servi\u00e7o. N\u00e3o vamos usar ou partilhar as suas informa\u00e7\u00f5es com ningu\u00e9m, exceto conforme descrito nesta [&hellip;]\" \/>\n<meta property=\"og:url\" content=\"https:\/\/ricardomoinhos.com\/ismsfixe-privacy-policy\/\" \/>\n<meta property=\"og:site_name\" content=\"Ricardo Paiva Moinhos\" \/>\n<meta property=\"article:modified_time\" content=\"2019-05-18T19:53:06+00:00\" \/>\n<meta name=\"twitter:card\" content=\"summary_large_image\" \/>\n<meta name=\"twitter:label1\" content=\"Tempo estimado de leitura\" \/>\n\t<meta name=\"twitter:data1\" content=\"8 minutos\" \/>\n<script type=\"application\/ld+json\" class=\"yoast-schema-graph\">{\"@context\":\"https:\\\/\\\/schema.org\",\"@graph\":[{\"@type\":\"WebPage\",\"@id\":\"https:\\\/\\\/ricardomoinhos.com\\\/ismsfixe-privacy-policy\\\/\",\"url\":\"https:\\\/\\\/ricardomoinhos.com\\\/ismsfixe-privacy-policy\\\/\",\"name\":\"[:en]iSMSFixe - Privacy Policy[:] - Ricardo Paiva Moinhos\",\"isPartOf\":{\"@id\":\"https:\\\/\\\/ricardomoinhos.com\\\/#website\"},\"datePublished\":\"2019-05-18T18:49:05+00:00\",\"dateModified\":\"2019-05-18T19:53:06+00:00\",\"breadcrumb\":{\"@id\":\"https:\\\/\\\/ricardomoinhos.com\\\/ismsfixe-privacy-policy\\\/#breadcrumb\"},\"inLanguage\":\"pt-PT\",\"potentialAction\":[{\"@type\":\"ReadAction\",\"target\":[\"https:\\\/\\\/ricardomoinhos.com\\\/ismsfixe-privacy-policy\\\/\"]}]},{\"@type\":\"BreadcrumbList\",\"@id\":\"https:\\\/\\\/ricardomoinhos.com\\\/ismsfixe-privacy-policy\\\/#breadcrumb\",\"itemListElement\":[{\"@type\":\"ListItem\",\"position\":1,\"name\":\"Home\",\"item\":\"https:\\\/\\\/ricardomoinhos.com\\\/\"},{\"@type\":\"ListItem\",\"position\":2,\"name\":\"iSMSFixe &#8211; Privacy Policy\"}]},{\"@type\":\"WebSite\",\"@id\":\"https:\\\/\\\/ricardomoinhos.com\\\/#website\",\"url\":\"https:\\\/\\\/ricardomoinhos.com\\\/\",\"name\":\"Ricardo Paiva Moinhos\",\"description\":\"Welcome\",\"potentialAction\":[{\"@type\":\"SearchAction\",\"target\":{\"@type\":\"EntryPoint\",\"urlTemplate\":\"https:\\\/\\\/ricardomoinhos.com\\\/?s={search_term_string}\"},\"query-input\":{\"@type\":\"PropertyValueSpecification\",\"valueRequired\":true,\"valueName\":\"search_term_string\"}}],\"inLanguage\":\"pt-PT\"}]}<\/script>\n<!-- \/ Yoast SEO plugin. -->","yoast_head_json":{"title":"[:en]iSMSFixe - Privacy Policy[:] - Ricardo Paiva Moinhos","robots":{"index":"index","follow":"follow","max-snippet":"max-snippet:-1","max-image-preview":"max-image-preview:large","max-video-preview":"max-video-preview:-1"},"canonical":"https:\/\/ricardomoinhos.com\/ismsfixe-privacy-policy\/","og_locale":"pt_PT","og_type":"article","og_title":"[:en]iSMSFixe - Privacy Policy[:] - Ricardo Paiva Moinhos","og_description":"Pol\u00edtica de Privacidade \u00daltima atualiza\u00e7\u00e3o: 28 nov 2015 Ricardo Paiva (&#8220;n\u00f3s&#8221; ou &#8220;nosso&#8221;) opera a aplica\u00e7\u00e3o m\u00f3vel iSMSFixe (o &#8220;Servi\u00e7o&#8221;). Esta p\u00e1gina informa-o acerca das nossas pol\u00edticas de recolha, uso e divulga\u00e7\u00e3o de informa\u00e7\u00f5es pessoais quando voc\u00ea usa o nosso Servi\u00e7o. N\u00e3o vamos usar ou partilhar as suas informa\u00e7\u00f5es com ningu\u00e9m, exceto conforme descrito nesta [&hellip;]","og_url":"https:\/\/ricardomoinhos.com\/ismsfixe-privacy-policy\/","og_site_name":"Ricardo Paiva Moinhos","article_modified_time":"2019-05-18T19:53:06+00:00","twitter_card":"summary_large_image","twitter_misc":{"Tempo estimado de leitura":"8 minutos"},"schema":{"@context":"https:\/\/schema.org","@graph":[{"@type":"WebPage","@id":"https:\/\/ricardomoinhos.com\/ismsfixe-privacy-policy\/","url":"https:\/\/ricardomoinhos.com\/ismsfixe-privacy-policy\/","name":"[:en]iSMSFixe - Privacy Policy[:] - Ricardo Paiva Moinhos","isPartOf":{"@id":"https:\/\/ricardomoinhos.com\/#website"},"datePublished":"2019-05-18T18:49:05+00:00","dateModified":"2019-05-18T19:53:06+00:00","breadcrumb":{"@id":"https:\/\/ricardomoinhos.com\/ismsfixe-privacy-policy\/#breadcrumb"},"inLanguage":"pt-PT","potentialAction":[{"@type":"ReadAction","target":["https:\/\/ricardomoinhos.com\/ismsfixe-privacy-policy\/"]}]},{"@type":"BreadcrumbList","@id":"https:\/\/ricardomoinhos.com\/ismsfixe-privacy-policy\/#breadcrumb","itemListElement":[{"@type":"ListItem","position":1,"name":"Home","item":"https:\/\/ricardomoinhos.com\/"},{"@type":"ListItem","position":2,"name":"iSMSFixe &#8211; Privacy Policy"}]},{"@type":"WebSite","@id":"https:\/\/ricardomoinhos.com\/#website","url":"https:\/\/ricardomoinhos.com\/","name":"Ricardo Paiva Moinhos","description":"Welcome","potentialAction":[{"@type":"SearchAction","target":{"@type":"EntryPoint","urlTemplate":"https:\/\/ricardomoinhos.com\/?s={search_term_string}"},"query-input":{"@type":"PropertyValueSpecification","valueRequired":true,"valueName":"search_term_string"}}],"inLanguage":"pt-PT"}]}},"jetpack_likes_enabled":true,"jetpack_sharing_enabled":true,"_links":{"self":[{"href":"https:\/\/ricardomoinhos.com\/pt\/wp-json\/wp\/v2\/pages\/519","targetHints":{"allow":["GET"]}}],"collection":[{"href":"https:\/\/ricardomoinhos.com\/pt\/wp-json\/wp\/v2\/pages"}],"about":[{"href":"https:\/\/ricardomoinhos.com\/pt\/wp-json\/wp\/v2\/types\/page"}],"author":[{"embeddable":true,"href":"https:\/\/ricardomoinhos.com\/pt\/wp-json\/wp\/v2\/users\/1"}],"replies":[{"embeddable":true,"href":"https:\/\/ricardomoinhos.com\/pt\/wp-json\/wp\/v2\/comments?post=519"}],"version-history":[{"count":21,"href":"https:\/\/ricardomoinhos.com\/pt\/wp-json\/wp\/v2\/pages\/519\/revisions"}],"predecessor-version":[{"id":658,"href":"https:\/\/ricardomoinhos.com\/pt\/wp-json\/wp\/v2\/pages\/519\/revisions\/658"}],"wp:attachment":[{"href":"https:\/\/ricardomoinhos.com\/pt\/wp-json\/wp\/v2\/media?parent=519"}],"curies":[{"name":"wp","href":"https:\/\/api.w.org\/{rel}","templated":true}]}}