{"id":172,"date":"2015-01-21T23:54:33","date_gmt":"2015-01-21T23:54:33","guid":{"rendered":"http:\/\/ricardomoinhos.com\/?page_id=172"},"modified":"2019-05-17T22:51:49","modified_gmt":"2019-05-17T22:51:49","slug":"home","status":"publish","type":"page","link":"https:\/\/ricardomoinhos.com\/pt\/","title":{"rendered":"Home"},"content":{"rendered":"<div id=\"pl-172\"  class=\"panel-layout\" ><div id=\"pg-172-0\"  class=\"panel-grid panel-no-style\" ><div id=\"pgc-172-0-0\"  class=\"panel-grid-cell\" ><div id=\"panel-172-0-0-0\" class=\"so-panel widget widget_headline-widget panel-first-child panel-last-child\" data-index=\"0\" >\t\t<h1>Aplica\u00e7\u00f5es iOS<\/h1>\n\t\t<div class=\"decoration\"><div class=\"decoration-inside\"><\/div><\/div>\n\t\t<h3><\/h3>\n\t\t<\/div><\/div><\/div><div id=\"pg-172-1\"  class=\"panel-grid panel-has-style\" ><div class=\"wide-grey panel-row-style panel-row-style-for-172-1\" ><div id=\"pgc-172-1-0\"  class=\"panel-grid-cell\" ><div id=\"panel-172-1-0-0\" class=\"so-panel widget widget_circleicon-widget panel-first-child panel-last-child\" data-index=\"1\" >\t\t<div class=\"circle-icon-box circle-icon-position-top circle-icon-hide-box circle-icon-size-small \">\n\t\t\t\t\t\t\t<div class=\"circle-icon-wrapper\">\n\t\t\t\t\t\t\t\t\t\t<a href=\"https:\/\/www.jogodaspalavras.com\" class=\"link-icon\" >\t\t\t\t\t<div class=\"circle-icon\" >\n\t\t\t\t\t\t\t\t\t\t\t\t\t<div\n\t\t\t\t\t\t\t\tclass=\"fa fa-gamepad\"\n\t\t\t\t\t\t\t\t\t\t\t\t\t\t\t><\/div>\n\t\t\t\t\t\t\t\t\t\t\t<\/div>\n\t\t\t\t\t<\/a>\t\t\t\t<\/div>\n\t\t\t\n\t\t\t\t\t\t\t<a\n\t\t\t\t\thref=\"https:\/\/www.jogodaspalavras.com\"\n\t\t\t\t\tclass=\"link-title\" \t\t\t\t>\n\t\t\t\t\t\t\t\t\t\t<h4 >\n\t\t\t\t\tJogo das Palavras\t\t\t\t<\/h4>\n\t\t\t\t\t\t\t\t\t\t<\/a>\n\t\t\t\n\t\t\t\t\t\t\t<p class=\"text\" >\n\t\t\t\tEste \u00e9 um jogo para crian\u00e7as que os ajudar\u00e1 a desenvolver a sua comunica\u00e7\u00e3o e facilitar a aprendizagem da leitura e da escrita.\t\t\t<\/p>\n\t\t\t\t\t\t\t\t\t\t<a\n\t\t\t\t\thref=\"https:\/\/www.jogodaspalavras.com\"\n\t\t\t\t\tclass=\"more-button\"\n\t\t\t\t\t\t\t\t\t>\n\t\t\t\t\tMais Info\t\t\t\t\t<i><\/i>\n\t\t\t\t<\/a>\n\t\t\t\t\t<\/div>\n\t\t<\/div><\/div><div id=\"pgc-172-1-1\"  class=\"panel-grid-cell\" ><div id=\"panel-172-1-1-0\" class=\"so-panel widget widget_circleicon-widget panel-first-child panel-last-child\" data-index=\"2\" >\t\t<div class=\"circle-icon-box circle-icon-position-top circle-icon-hide-box circle-icon-size-small \">\n\t\t\t\t\t\t\t<div class=\"circle-icon-wrapper\">\n\t\t\t\t\t\t\t\t\t\t<a href=\"https:\/\/ricardomoinhos.com\/ios\/crapette\/\" class=\"link-icon\" >\t\t\t\t\t<div class=\"circle-icon\" >\n\t\t\t\t\t\t\t\t\t\t\t\t\t<div\n\t\t\t\t\t\t\t\tclass=\"fa fa-gamepad\"\n\t\t\t\t\t\t\t\t\t\t\t\t\t\t\t><\/div>\n\t\t\t\t\t\t\t\t\t\t\t<\/div>\n\t\t\t\t\t<\/a>\t\t\t\t<\/div>\n\t\t\t\n\t\t\t\t\t\t\t<a\n\t\t\t\t\thref=\"https:\/\/ricardomoinhos.com\/ios\/crapette\/\"\n\t\t\t\t\tclass=\"link-title\" \t\t\t\t>\n\t\t\t\t\t\t\t\t\t\t<h4 >\n\t\t\t\t\tCrapette\t\t\t\t<\/h4>\n\t\t\t\t\t\t\t\t\t\t<\/a>\n\t\t\t\n\t\t\t\t\t\t\t<p class=\"text\" >\n\t\t\t\tJogue Crapette contra outro jogador (humano), no mesmo dispositivo ou online.\t\t\t<\/p>\n\t\t\t\t\t\t\t\t\t\t<a\n\t\t\t\t\thref=\"https:\/\/ricardomoinhos.com\/ios\/crapette\/\"\n\t\t\t\t\tclass=\"more-button\"\n\t\t\t\t\t\t\t\t\t>\n\t\t\t\t\tMais Info\t\t\t\t\t<i><\/i>\n\t\t\t\t<\/a>\n\t\t\t\t\t<\/div>\n\t\t<\/div><\/div><div id=\"pgc-172-1-2\"  class=\"panel-grid-cell\" ><div id=\"panel-172-1-2-0\" class=\"so-panel widget widget_circleicon-widget panel-first-child panel-last-child\" data-index=\"3\" >\t\t<div class=\"circle-icon-box circle-icon-position-top circle-icon-hide-box circle-icon-size-small \">\n\t\t\t\t\t\t\t<div class=\"circle-icon-wrapper\">\n\t\t\t\t\t\t\t\t\t\t<a href=\"https:\/\/ricardomoinhos.com\/?page_id=79\" class=\"link-icon\" >\t\t\t\t\t<div class=\"circle-icon\" >\n\t\t\t\t\t\t\t\t\t\t\t\t\t<div\n\t\t\t\t\t\t\t\tclass=\"fa fa-bullseye\"\n\t\t\t\t\t\t\t\t\t\t\t\t\t\t\t><\/div>\n\t\t\t\t\t\t\t\t\t\t\t<\/div>\n\t\t\t\t\t<\/a>\t\t\t\t<\/div>\n\t\t\t\n\t\t\t\t\t\t\t<a\n\t\t\t\t\thref=\"https:\/\/ricardomoinhos.com\/?page_id=79\"\n\t\t\t\t\tclass=\"link-title\" \t\t\t\t>\n\t\t\t\t\t\t\t\t\t\t<h4 >\n\t\t\t\t\tBombark\t\t\t\t<\/h4>\n\t\t\t\t\t\t\t\t\t\t<\/a>\n\t\t\t\n\t\t\t\t\t\t\t\t\t\t<a\n\t\t\t\t\thref=\"https:\/\/ricardomoinhos.com\/?page_id=79\"\n\t\t\t\t\tclass=\"more-button\"\n\t\t\t\t\t\t\t\t\t>\n\t\t\t\t\tMais Info\t\t\t\t\t<i><\/i>\n\t\t\t\t<\/a>\n\t\t\t\t\t<\/div>\n\t\t<\/div><\/div><div id=\"pgc-172-1-3\"  class=\"panel-grid-cell\" ><div id=\"panel-172-1-3-0\" class=\"so-panel widget widget_circleicon-widget panel-first-child panel-last-child\" data-index=\"4\" >\t\t<div class=\"circle-icon-box circle-icon-position-top circle-icon-hide-box circle-icon-size-small \">\n\t\t\t\t\t\t\t<div class=\"circle-icon-wrapper\">\n\t\t\t\t\t\t\t\t\t\t<a href=\"https:\/\/ricardomoinhos.com\/?page_id=41\" class=\"link-icon\" >\t\t\t\t\t<div class=\"circle-icon\" >\n\t\t\t\t\t\t\t\t\t\t\t\t\t<div\n\t\t\t\t\t\t\t\tclass=\"fa fa-arrow-circle-o-down\"\n\t\t\t\t\t\t\t\t\t\t\t\t\t\t\t><\/div>\n\t\t\t\t\t\t\t\t\t\t\t<\/div>\n\t\t\t\t\t<\/a>\t\t\t\t<\/div>\n\t\t\t\n\t\t\t\t\t\t\t<a\n\t\t\t\t\thref=\"https:\/\/ricardomoinhos.com\/?page_id=41\"\n\t\t\t\t\tclass=\"link-title\" \t\t\t\t>\n\t\t\t\t\t\t\t\t\t\t<h4 >\n\t\t\t\t\tBackupgram\t\t\t\t<\/h4>\n\t\t\t\t\t\t\t\t\t\t<\/a>\n\t\t\t\n\t\t\t\t\t\t\t<p class=\"text\" >\n\t\t\t\tExplora os teus feeds do Instagram por grupos de pessoas e faz o download das tuas fotos e dos teus amigos!\t\t\t<\/p>\n\t\t\t\t\t\t\t\t\t\t<a\n\t\t\t\t\thref=\"https:\/\/ricardomoinhos.com\/?page_id=41\"\n\t\t\t\t\tclass=\"more-button\"\n\t\t\t\t\t\t\t\t\t>\n\t\t\t\t\tMais Info\t\t\t\t\t<i><\/i>\n\t\t\t\t<\/a>\n\t\t\t\t\t<\/div>\n\t\t<\/div><\/div><\/div><\/div><div id=\"pg-172-2\"  class=\"panel-grid panel-no-style\" ><div id=\"pgc-172-2-0\"  class=\"panel-grid-cell panel-grid-cell-mobile-last\" ><div id=\"panel-172-2-0-0\" class=\"so-panel widget widget_siteorigin-panels-postloop panel-first-child panel-last-child\" data-index=\"5\" ><h3 class=\"widget-title\"><span class=\"vantage-carousel-title\"><span class=\"vantage-carousel-title-text\">\u00daltimos posts<\/span><a href=\"#\" class=\"next\" title=\"Next\"><span class=\"vantage-icon-arrow-right\"><\/span><\/a><a href=\"#\" class=\"previous\" title=\"Previous\"><span class=\"vantage-icon-arrow-left\"><\/span><\/a><\/span><\/h3><div class=\"vantage-carousel-wrapper\">\n\t\n\t<ul\n\t\tclass=\"vantage-carousel\"\n\t\tdata-query=\"{&quot;post_status&quot;:&quot;publish&quot;,&quot;posts_per_page&quot;:4,&quot;post_type&quot;:&quot;post&quot;,&quot;order&quot;:&quot;DESC&quot;,&quot;orderby&quot;:&quot;date&quot;,&quot;post__not_in&quot;:[172,172],&quot;paged&quot;:1,&quot;fields&quot;:&quot;all&quot;,&quot;lazy_load_term_meta&quot;:true}\"\n\t\tdata-ajax-url=\"https:\/\/ricardomoinhos.com\/wp-admin\/admin-ajax.php?vantage_carousel_nonce=6e3b6d6942\"\n\t>\n\t\t\t\t\t<li class=\"carousel-entry\">\n\t\t\t\t<div class=\"thumbnail\">\n\t\t\t\t\t\t\t\t\t\t\t<a href=\"https:\/\/ricardomoinhos.com\/pt\/ls-central-hotfixes-rss-feed-part2\/\" style=\"background-image: url(https:\/\/ricardomoinhos.com\/wp-content\/uploads\/2025\/10\/LS-Central-logo_2-256x182.png)\">\n\t\t\t\t\t\t<\/a>\n\t\t\t\t\t\t\t\t\t<\/div>\n\t\t\t\t\t\t\t\t<h3><a href=\"https:\/\/ricardomoinhos.com\/pt\/ls-central-hotfixes-rss-feed-part2\/\">LS Central Hotfixes RSS feed &#8211; Part 2<\/a><\/h3>\n\t\t\t<\/li>\n\t\t\t\t\t<li class=\"carousel-entry\">\n\t\t\t\t<div class=\"thumbnail\">\n\t\t\t\t\t\t\t\t\t\t\t<a href=\"https:\/\/ricardomoinhos.com\/pt\/ls-central-hotfixes-rss-feed\/\" style=\"background-image: url(https:\/\/ricardomoinhos.com\/wp-content\/uploads\/2025\/10\/LS-Central-logo_2-256x182.png)\">\n\t\t\t\t\t\t<\/a>\n\t\t\t\t\t\t\t\t\t<\/div>\n\t\t\t\t\t\t\t\t<h3><a href=\"https:\/\/ricardomoinhos.com\/pt\/ls-central-hotfixes-rss-feed\/\">LS Central Hotfixes RSS feed<\/a><\/h3>\n\t\t\t<\/li>\n\t\t\t\t\t<li class=\"carousel-entry\">\n\t\t\t\t<div class=\"thumbnail\">\n\t\t\t\t\t\t\t\t\t\t\t<a href=\"https:\/\/ricardomoinhos.com\/pt\/migrating-existing-update-service-server-instance-to-a-new-server\/\" style=\"background-image: url(https:\/\/ricardomoinhos.com\/wp-content\/uploads\/2020\/02\/Microsoft-Dynamics-365-Business-Central-Logo-256x182.png)\">\n\t\t\t\t\t\t<\/a>\n\t\t\t\t\t\t\t\t\t<\/div>\n\t\t\t\t\t\t\t\t<h3><a href=\"https:\/\/ricardomoinhos.com\/pt\/migrating-existing-update-service-server-instance-to-a-new-server\/\">Migrating existing Update Service Server instance to a new server<\/a><\/h3>\n\t\t\t<\/li>\n\t\t\t\t\t<li class=\"carousel-entry\">\n\t\t\t\t<div class=\"thumbnail\">\n\t\t\t\t\t\t\t\t\t\t\t<a href=\"https:\/\/ricardomoinhos.com\/pt\/ls-central-saas-insights-on-a-409-conflict-error-using-telemetry\/\" style=\"background-image: url(https:\/\/ricardomoinhos.com\/wp-content\/uploads\/2020\/02\/Microsoft-Dynamics-365-Business-Central-Logo-256x182.png)\">\n\t\t\t\t\t\t<\/a>\n\t\t\t\t\t\t\t\t\t<\/div>\n\t\t\t\t\t\t\t\t<h3><a href=\"https:\/\/ricardomoinhos.com\/pt\/ls-central-saas-insights-on-a-409-conflict-error-using-telemetry\/\">LS Central SaaS &#8211; Insights on a 409 Conflict error using Telemetry<\/a><\/h3>\n\t\t\t<\/li>\n\t\t\t<\/ul>\n<\/div>\n<\/div><\/div><div id=\"pgc-172-2-1\"  class=\"panel-grid-cell panel-grid-cell-empty\" ><\/div><\/div><\/div>","protected":false},"excerpt":{"rendered":"<p>Aplica\u00e7\u00f5es iOS Jogo das Palavras Este \u00e9 um jogo para crian\u00e7as que os ajudar\u00e1 a desenvolver a sua comunica\u00e7\u00e3o e facilitar a aprendizagem da leitura e da escrita. Mais Info Crapette Jogue Crapette contra outro jogador (humano), no mesmo dispositivo ou online. Mais Info Bombark Mais Info Backupgram Explora os teus feeds do Instagram por [&hellip;]<\/p>\n","protected":false},"author":1,"featured_media":0,"parent":0,"menu_order":0,"comment_status":"closed","ping_status":"open","template":"home-panels.php","meta":{"footnotes":"","_links_to":"","_links_to_target":""},"class_list":["post-172","page","type-page","status-publish","hentry","post"],"yoast_head":"<!-- This site is optimized with the Yoast SEO plugin v27.3 - https:\/\/yoast.com\/product\/yoast-seo-wordpress\/ -->\n<title>Home - Ricardo Paiva Moinhos<\/title>\n<meta name=\"robots\" content=\"index, follow, max-snippet:-1, max-image-preview:large, max-video-preview:-1\" \/>\n<link rel=\"canonical\" href=\"https:\/\/ricardomoinhos.com\/\" \/>\n<meta property=\"og:locale\" content=\"pt_PT\" \/>\n<meta property=\"og:type\" content=\"article\" \/>\n<meta property=\"og:title\" content=\"Home - Ricardo Paiva Moinhos\" \/>\n<meta property=\"og:description\" content=\"Aplica\u00e7\u00f5es iOS Jogo das Palavras Este \u00e9 um jogo para crian\u00e7as que os ajudar\u00e1 a desenvolver a sua comunica\u00e7\u00e3o e facilitar a aprendizagem da leitura e da escrita. Mais Info Crapette Jogue Crapette contra outro jogador (humano), no mesmo dispositivo ou online. Mais Info Bombark Mais Info Backupgram Explora os teus feeds do Instagram por [&hellip;]\" \/>\n<meta property=\"og:url\" content=\"https:\/\/ricardomoinhos.com\/\" \/>\n<meta property=\"og:site_name\" content=\"Ricardo Paiva Moinhos\" \/>\n<meta property=\"article:modified_time\" content=\"2019-05-17T22:51:49+00:00\" \/>\n<meta name=\"twitter:card\" content=\"summary_large_image\" \/>\n<script type=\"application\/ld+json\" class=\"yoast-schema-graph\">{\"@context\":\"https:\\\/\\\/schema.org\",\"@graph\":[{\"@type\":\"WebPage\",\"@id\":\"https:\\\/\\\/ricardomoinhos.com\\\/\",\"url\":\"https:\\\/\\\/ricardomoinhos.com\\\/\",\"name\":\"Home - Ricardo Paiva Moinhos\",\"isPartOf\":{\"@id\":\"https:\\\/\\\/ricardomoinhos.com\\\/#website\"},\"datePublished\":\"2015-01-21T23:54:33+00:00\",\"dateModified\":\"2019-05-17T22:51:49+00:00\",\"breadcrumb\":{\"@id\":\"https:\\\/\\\/ricardomoinhos.com\\\/#breadcrumb\"},\"inLanguage\":\"pt-PT\",\"potentialAction\":[{\"@type\":\"ReadAction\",\"target\":[\"https:\\\/\\\/ricardomoinhos.com\\\/\"]}]},{\"@type\":\"BreadcrumbList\",\"@id\":\"https:\\\/\\\/ricardomoinhos.com\\\/#breadcrumb\",\"itemListElement\":[{\"@type\":\"ListItem\",\"position\":1,\"name\":\"Home\",\"item\":\"https:\\\/\\\/ricardomoinhos.com\\\/\"},{\"@type\":\"ListItem\",\"position\":2,\"name\":\"Home\"}]},{\"@type\":\"WebSite\",\"@id\":\"https:\\\/\\\/ricardomoinhos.com\\\/#website\",\"url\":\"https:\\\/\\\/ricardomoinhos.com\\\/\",\"name\":\"Ricardo Paiva Moinhos\",\"description\":\"Welcome\",\"potentialAction\":[{\"@type\":\"SearchAction\",\"target\":{\"@type\":\"EntryPoint\",\"urlTemplate\":\"https:\\\/\\\/ricardomoinhos.com\\\/?s={search_term_string}\"},\"query-input\":{\"@type\":\"PropertyValueSpecification\",\"valueRequired\":true,\"valueName\":\"search_term_string\"}}],\"inLanguage\":\"pt-PT\"}]}<\/script>\n<!-- \/ Yoast SEO plugin. -->","yoast_head_json":{"title":"Home - Ricardo Paiva Moinhos","robots":{"index":"index","follow":"follow","max-snippet":"max-snippet:-1","max-image-preview":"max-image-preview:large","max-video-preview":"max-video-preview:-1"},"canonical":"https:\/\/ricardomoinhos.com\/","og_locale":"pt_PT","og_type":"article","og_title":"Home - Ricardo Paiva Moinhos","og_description":"Aplica\u00e7\u00f5es iOS Jogo das Palavras Este \u00e9 um jogo para crian\u00e7as que os ajudar\u00e1 a desenvolver a sua comunica\u00e7\u00e3o e facilitar a aprendizagem da leitura e da escrita. Mais Info Crapette Jogue Crapette contra outro jogador (humano), no mesmo dispositivo ou online. Mais Info Bombark Mais Info Backupgram Explora os teus feeds do Instagram por [&hellip;]","og_url":"https:\/\/ricardomoinhos.com\/","og_site_name":"Ricardo Paiva Moinhos","article_modified_time":"2019-05-17T22:51:49+00:00","twitter_card":"summary_large_image","schema":{"@context":"https:\/\/schema.org","@graph":[{"@type":"WebPage","@id":"https:\/\/ricardomoinhos.com\/","url":"https:\/\/ricardomoinhos.com\/","name":"Home - Ricardo Paiva Moinhos","isPartOf":{"@id":"https:\/\/ricardomoinhos.com\/#website"},"datePublished":"2015-01-21T23:54:33+00:00","dateModified":"2019-05-17T22:51:49+00:00","breadcrumb":{"@id":"https:\/\/ricardomoinhos.com\/#breadcrumb"},"inLanguage":"pt-PT","potentialAction":[{"@type":"ReadAction","target":["https:\/\/ricardomoinhos.com\/"]}]},{"@type":"BreadcrumbList","@id":"https:\/\/ricardomoinhos.com\/#breadcrumb","itemListElement":[{"@type":"ListItem","position":1,"name":"Home","item":"https:\/\/ricardomoinhos.com\/"},{"@type":"ListItem","position":2,"name":"Home"}]},{"@type":"WebSite","@id":"https:\/\/ricardomoinhos.com\/#website","url":"https:\/\/ricardomoinhos.com\/","name":"Ricardo Paiva Moinhos","description":"Welcome","potentialAction":[{"@type":"SearchAction","target":{"@type":"EntryPoint","urlTemplate":"https:\/\/ricardomoinhos.com\/?s={search_term_string}"},"query-input":{"@type":"PropertyValueSpecification","valueRequired":true,"valueName":"search_term_string"}}],"inLanguage":"pt-PT"}]}},"jetpack_likes_enabled":true,"jetpack_sharing_enabled":true,"_links":{"self":[{"href":"https:\/\/ricardomoinhos.com\/pt\/wp-json\/wp\/v2\/pages\/172","targetHints":{"allow":["GET"]}}],"collection":[{"href":"https:\/\/ricardomoinhos.com\/pt\/wp-json\/wp\/v2\/pages"}],"about":[{"href":"https:\/\/ricardomoinhos.com\/pt\/wp-json\/wp\/v2\/types\/page"}],"author":[{"embeddable":true,"href":"https:\/\/ricardomoinhos.com\/pt\/wp-json\/wp\/v2\/users\/1"}],"replies":[{"embeddable":true,"href":"https:\/\/ricardomoinhos.com\/pt\/wp-json\/wp\/v2\/comments?post=172"}],"version-history":[{"count":26,"href":"https:\/\/ricardomoinhos.com\/pt\/wp-json\/wp\/v2\/pages\/172\/revisions"}],"predecessor-version":[{"id":518,"href":"https:\/\/ricardomoinhos.com\/pt\/wp-json\/wp\/v2\/pages\/172\/revisions\/518"}],"wp:attachment":[{"href":"https:\/\/ricardomoinhos.com\/pt\/wp-json\/wp\/v2\/media?parent=172"}],"curies":[{"name":"wp","href":"https:\/\/api.w.org\/{rel}","templated":true}]}}